{"id":2936,"date":"2024-09-16T10:03:07","date_gmt":"2024-09-16T14:03:07","guid":{"rendered":"https:\/\/open-mpn.biobank.mcgill.ca\/?page_id=2936"},"modified":"2024-12-13T10:45:03","modified_gmt":"2024-12-13T15:45:03","slug":"nous-joindre","status":"publish","type":"page","link":"https:\/\/dev.open-mpn.biobank.mcgill.ca\/fr\/nous-joindre\/","title":{"rendered":"Nous joindre"},"content":{"rendered":"\n<section class=\"wp-block-zebre-gutenberg-hero has-scarlet-gum-color has-white-background-color has-text-color has-background has-titan-white-background-color\" data-watch=\"true\">\n<div class=\"wp-block-zebre-gutenberg-container container has-dimensions fullWidth hero-image-container\">\n<div data-watch=\"true\" class=\"wp-block-zebre-gutenberg-group\"><\/div>\n\n\n\n<div data-watch=\"true\" class=\"wp-block-zebre-gutenberg-group hero-image\">\n<figure class=\"wp-block-image size-full\"><img decoding=\"async\" src=\"https:\/\/open-mpn.biobank.mcgill.ca\/wp-content\/uploads\/2024\/09\/header_contact-us_02.jpg\" alt=\"\" class=\"wp-image-2842\"\/><\/figure>\n<\/div>\n<\/div>\n\n\n\n<div class=\"wp-block-zebre-gutenberg-container container has-dimensions boxed hero-content-container\">\n<div data-watch=\"true\" class=\"wp-block-zebre-gutenberg-group hero-content\">\n<div class=\"wp-block-zebre-metablocks-metaverse-spacer has-dimensions\" style=\"--desktopHeight:20px;--tabletHeight:64px\"><\/div>\n\n\n<h1 class=\"wp-block-heading\" style=\"margin-top:0px;margin-right:0px;margin-bottom:0px;margin-left:0px\" id=\"nous-joindre\">Nous joindre<\/h1>\n\n\n<div class=\"wp-block-zebre-metablocks-metaverse-spacer has-dimensions\" style=\"--desktopHeight:40px\"><\/div>\n\n\n\n<div class=\"wp-block-zebre-metablocks-metaverse-button is-style-default\"><a class=\"wp-block-button__link wp-element-button\" href=\"https:\/\/open-mpn.biobank.mcgill.ca\/fr\/faq\/\"><span class=\"text\">Consulter la FAQ<\/span><span class=\"icon\"><svg xmlns=\"http:\/\/www.w3.org\/2000\/svg\" width=\"44\" height=\"44\" viewBox=\"0 0 44 44\">\n  <g id=\"Group_5223\" data-name=\"Group 5223\" transform=\"translate(-989)\">\n    <circle id=\"Ellipse_89\" data-name=\"Ellipse 89\" cx=\"22\" cy=\"22\" r=\"22\" transform=\"translate(989)\" fill=\"#2bd6d9\"\/>\n    <g id=\"Fl\u00e8che_bouton\" data-name=\"Fl\u00e8che bouton\" transform=\"translate(1007 18)\">\n      <line id=\"Line_836\" data-name=\"Line 836\" x2=\"8\" transform=\"translate(0 3.254)\" fill=\"none\" stroke=\"#2e1452\" stroke-width=\"1\"\/>\n      <path id=\"Path_2894\" data-name=\"Path 2894\" d=\"M-6784.189-6669.525l3.975,3.254-3.975,3.275\" transform=\"translate(6788.214 6669.525)\" fill=\"none\" stroke=\"#2e1452\" stroke-width=\"1\"\/>\n    <\/g>\n  <\/g>\n<\/svg>\n<\/span><\/a><\/div>\n\n\n\n<div class=\"wp-block-zebre-metablocks-metaverse-spacer has-dimensions\" style=\"--desktopHeight:20px\"><\/div>\n<\/div>\n\n\n\n<div data-watch=\"true\" class=\"wp-block-zebre-gutenberg-group\"><\/div>\n<\/div>\n<\/section>\n\n\n\n<section data-watch=\"true\" class=\"wp-block-zebre-gutenberg-form\">\n<div data-watch=\"true\" class=\"wp-block-zebre-gutenberg-group spacer-top\">\n<div class=\"wp-block-zebre-metablocks-metaverse-spacer has-dimensions\" style=\"--desktopHeight:150px;--tabletLandscapeHeight:100px;--tabletHeight:75px;--mobileHeight:60px\"><\/div>\n<\/div>\n\n\n\n<div class=\"wp-block-zebre-gutenberg-container container has-dimensions hero\">\n<div data-watch=\"true\" class=\"wp-block-zebre-gutenberg-group\"><h2 class=\"wp-block-heading has-text-align-center\" id=\"coordonnees\">Coordonn\u00e9es<\/h2>\n\n\n<p class=\"has-text-align-center\">3801, rue University<br>Montr\u00e9al (Qu\u00e9bec)  H3A 2B4<\/p>\n\n\n\n<div class=\"wp-block-zebre-metablocks-metaverse-spacer has-dimensions\" style=\"--desktopHeight:40px\"><\/div>\n\n\n<script>\nvar gform;gform||(document.addEventListener(\"gform_main_scripts_loaded\",function(){gform.scriptsLoaded=!0}),document.addEventListener(\"gform\/theme\/scripts_loaded\",function(){gform.themeScriptsLoaded=!0}),window.addEventListener(\"DOMContentLoaded\",function(){gform.domLoaded=!0}),gform={domLoaded:!1,scriptsLoaded:!1,themeScriptsLoaded:!1,isFormEditor:()=>\"function\"==typeof InitializeEditor,callIfLoaded:function(o){return!(!gform.domLoaded||!gform.scriptsLoaded||!gform.themeScriptsLoaded&&!gform.isFormEditor()||(gform.isFormEditor()&&console.warn(\"The use of gform.initializeOnLoaded() is deprecated in the form editor context and will be removed in Gravity Forms 3.1.\"),o(),0))},initializeOnLoaded:function(o){gform.callIfLoaded(o)||(document.addEventListener(\"gform_main_scripts_loaded\",()=>{gform.scriptsLoaded=!0,gform.callIfLoaded(o)}),document.addEventListener(\"gform\/theme\/scripts_loaded\",()=>{gform.themeScriptsLoaded=!0,gform.callIfLoaded(o)}),window.addEventListener(\"DOMContentLoaded\",()=>{gform.domLoaded=!0,gform.callIfLoaded(o)}))},hooks:{action:{},filter:{}},addAction:function(o,r,e,t){gform.addHook(\"action\",o,r,e,t)},addFilter:function(o,r,e,t){gform.addHook(\"filter\",o,r,e,t)},doAction:function(o){gform.doHook(\"action\",o,arguments)},applyFilters:function(o){return gform.doHook(\"filter\",o,arguments)},removeAction:function(o,r){gform.removeHook(\"action\",o,r)},removeFilter:function(o,r,e){gform.removeHook(\"filter\",o,r,e)},addHook:function(o,r,e,t,n){null==gform.hooks[o][r]&&(gform.hooks[o][r]=[]);var d=gform.hooks[o][r];null==n&&(n=r+\"_\"+d.length),gform.hooks[o][r].push({tag:n,callable:e,priority:t=null==t?10:t})},doHook:function(r,o,e){var t;if(e=Array.prototype.slice.call(e,1),null!=gform.hooks[r][o]&&((o=gform.hooks[r][o]).sort(function(o,r){return o.priority-r.priority}),o.forEach(function(o){\"function\"!=typeof(t=o.callable)&&(t=window\u00ae),\"action\"==r?t.apply(null,e):e[0]=t.apply(null,e)})),\"filter\"==r)return e[0]},removeHook:function(o,r,t,n){var e;null!=gform.hooks[o][r]&&(e=(e=gform.hooks[o][r]).filter(function(o,r,e){return!!(null!=n&&n!=o.tag||null!=t&&t!=o.priority)}),gform.hooks[o][r]=e)}});\n<\/script>\n\n                <div class='gf_browser_gecko gform_wrapper gravity-theme gform-theme--no-framework' data-form-theme='gravity-theme' data-form-index='0' id='gform_wrapper_8' ><div id='gf_8' class='gform_anchor' tabindex='-1'><\/div>\n                        <div class='gform_heading'>\n\t\t\t\t\t\t\t<p class='gform_required_legend'>\u00ab\u00a0<span class=\"gfield_required gfield_required_asterisk\">*<\/span>\u00a0\u00bb indique les champs n\u00e9cessaires<\/p>\n                        <\/div><form method='post' enctype='multipart\/form-data' target='gform_ajax_frame_8' id='gform_8'  action='\/fr\/wp-json\/wp\/v2\/pages\/2936#gf_8' data-formid='8' novalidate><div class='gf_invisible ginput_recaptchav3' data-sitekey='6Lfzm6AqAAAAAOhWWIn74j2bVTtfw9yR9yHBgFsb' data-tabindex='0'><input id=\"input_52c4efc18b4409b93d67cfe9d4b2e700\" class=\"gfield_recaptcha_response\" type=\"hidden\" name=\"input_52c4efc18b4409b93d67cfe9d4b2e700\" value=\"\"\/><\/div>\n                        <div class='gform-body gform_body'><div id='gform_fields_8' class='gform_fields top_label form_sublabel_above description_above validation_below'><div id=\"field_8_9\" class=\"gfield gfield--type-text gfield--input-type-text gfield--width-half gfield_contains_required field_sublabel_above gfield--no-description field_description_above field_validation_below gfield_visibility_visible\"  ><label class='gfield_label gform-field-label' for='input_8_9'>Pr\u00e9nom<span class=\"gfield_required\"><span class=\"gfield_required gfield_required_asterisk\">*<\/span><\/span><\/label><div class='ginput_container ginput_container_text'><input name='input_9' id='input_8_9' type='text' value='' class='large'     aria-required=\"true\" aria-invalid=\"false\"   \/><\/div><\/div><div id=\"field_8_10\" class=\"gfield gfield--type-text gfield--input-type-text gfield--width-half field_sublabel_above gfield--no-description field_description_above field_validation_below gfield_visibility_visible\"  ><label class='gfield_label gform-field-label' for='input_8_10'>Nom de famille<\/label><div class='ginput_container ginput_container_text'><input name='input_10' id='input_8_10' type='text' value='' class='large'      aria-invalid=\"false\"   \/><\/div><\/div><div id=\"field_8_5\" class=\"gfield gfield--type-email gfield--input-type-email gfield--width-half gfield_contains_required field_sublabel_above gfield--no-description field_description_above field_validation_below gfield_visibility_visible\"  ><label class='gfield_label gform-field-label' for='input_8_5'>Courriel<span class=\"gfield_required\"><span class=\"gfield_required gfield_required_asterisk\">*<\/span><\/span><\/label><div class='ginput_container ginput_container_email'>\n                            <input name='input_5' id='input_8_5' type='email' value='' class='large'    aria-required=\"true\" aria-invalid=\"false\"  \/>\n                        <\/div><\/div><div id=\"field_8_4\" class=\"gfield gfield--type-phone gfield--input-type-phone gfield--width-half field_sublabel_above gfield--no-description field_description_above field_validation_below gfield_visibility_visible\"  ><label class='gfield_label gform-field-label' for='input_8_4'>Num\u00e9ro de t\u00e9l\u00e9phone<\/label><div class='ginput_container ginput_container_phone'><input name='input_4' id='input_8_4' type='tel' value='' class='large'    aria-invalid=\"false\"   \/><\/div><\/div><div id=\"field_8_6\" class=\"gfield gfield--type-select gfield--input-type-select gfield--width-full gfield_contains_required field_sublabel_above gfield--no-description field_description_above field_validation_below gfield_visibility_visible\"  ><label class='gfield_label gform-field-label' for='input_8_6'>Objet<span class=\"gfield_required\"><span class=\"gfield_required gfield_required_asterisk\">*<\/span><\/span><\/label><div class='ginput_container ginput_container_select'><select name='input_6' id='input_8_6' class='large gfield_select'    aria-required=\"true\" aria-invalid=\"false\" ><option value='' selected='selected' class='gf_placeholder'>S\u00e9lectionnez un objet :<\/option><option value='Je suis chercheur et je souhaite acc\u00e9der aux donn\u00e9es.' >Je suis chercheur et je souhaite acc\u00e9der aux donn\u00e9es.<\/option><option value='Je suis int\u00e9ress\u00e9 \u00e0 devenir volontaire.' >Je suis int\u00e9ress\u00e9 \u00e0 devenir volontaire.<\/option><option value='Autre' >Autre<\/option><\/select><\/div><\/div><div id=\"field_8_3\" class=\"gfield gfield--type-textarea gfield--input-type-textarea gfield_contains_required field_sublabel_above gfield--no-description field_description_above field_validation_below gfield_visibility_visible\"  ><label class='gfield_label gform-field-label' for='input_8_3'>Message<span class=\"gfield_required\"><span class=\"gfield_required gfield_required_asterisk\">*<\/span><\/span><\/label><div class='ginput_container ginput_container_textarea'><textarea name='input_3' id='input_8_3' class='textarea medium'     aria-required=\"true\" aria-invalid=\"false\"   rows='10' cols='50'><\/textarea><\/div><\/div><fieldset id=\"field_8_7\" class=\"gfield gfield--type-checkbox gfield--type-choice gfield--input-type-checkbox gfield_contains_required field_sublabel_above gfield--no-description field_description_above hidden_label field_validation_below gfield_visibility_visible\"  ><legend class='gfield_label gform-field-label gfield_label_before_complex' >Accepter conditions<span class=\"gfield_required\"><span class=\"gfield_required gfield_required_asterisk\">*<\/span><\/span><\/legend><div class='ginput_container ginput_container_checkbox'><div class='gfield_checkbox ' id='input_8_7'><div class='gchoice gchoice_8_7_1'>\n\t\t\t\t\t\t\t\t<input class='gfield-choice-input' name='input_7.1' type='checkbox'  value='J&#039;ai lu et compris les dispositions de la &lt;a href=&quot;https:\/\/neurobanq.chachacom.ca\/fr\/politique-de-confidentialite\/&quot; target=&quot;_blank&quot;&gt;politique de confidentialit\u00e9&lt;\/a&gt; de la NEUROBANQUE Montr\u00e9al-Paris et je consens \u00e0 la collecte de mes renseignements personnels.'  id='choice_8_7_1'   \/>\n\t\t\t\t\t\t\t\t<label for='choice_8_7_1' id='label_8_7_1' class='gform-field-label gform-field-label--type-inline'>J&rsquo;ai lu et compris les dispositions de la <a href=\"https:\/\/neurobanq.chachacom.ca\/fr\/politique-de-confidentialite\/\" target=\"_blank\">politique de confidentialit\u00e9<\/a> de la NEUROBANQUE Montr\u00e9al-Paris et je consens \u00e0 la collecte de mes renseignements personnels.<\/label>\n\t\t\t\t\t\t\t<\/div><\/div><\/div><\/fieldset><div id=\"field_8_8\" class=\"gfield gfield--type-html gfield--input-type-html gfield--width-full gfield_html gfield_html_formatted gfield_no_follows_desc field_sublabel_above gfield--no-description field_description_above field_validation_below gfield_visibility_visible\"  ><div>Ce site est prot\u00e9g\u00e9 par reCAPTCHA, et la <a href=\"https:\/\/policies.google.com\/privacy?hl=fr\" target=\"_blank\">politique de confidentialit\u00e9<\/a> ainsi que les <a href=\"https:\/\/policies.google.com\/terms?hl=fr\" target=\"_blank\">conditions d&rsquo;utilisation<\/a> de Google s&rsquo;appliquent.<\/div><\/div><\/div><\/div>\n        <div class='gform-footer gform_footer top_label'> <input type='submit' id='gform_submit_button_8' class='gform_button button' onclick='gform.submission.handleButtonClick(this);' data-submission-type='submit' value='Envoyer'  \/> <input type='hidden' name='gform_ajax' value='form_id=8&amp;title=&amp;description=&amp;tabindex=0&amp;theme=gravity-theme&amp;styles={&quot;inputPrimaryColor&quot;:&quot;#204ce5&quot;}&amp;hash=7bea122e348a24226e2772b1a3d69565' \/>\n            <input type='hidden' class='gform_hidden' name='gform_submission_method' data-js='gform_submission_method_8' value='iframe' \/>\n            <input type='hidden' class='gform_hidden' name='gform_theme' data-js='gform_theme_8' id='gform_theme_8' value='gravity-theme' \/>\n            <input type='hidden' class='gform_hidden' name='gform_style_settings' data-js='gform_style_settings_8' id='gform_style_settings_8' value='{&quot;inputPrimaryColor&quot;:&quot;#204ce5&quot;}' \/>\n            <input type='hidden' class='gform_hidden' name='is_submit_8' value='1' \/>\n            <input type='hidden' class='gform_hidden' name='gform_submit' value='8' \/>\n            \n            <input type='hidden' class='gform_hidden' name='gform_currency' data-currency='CAD' value='wRgBVStMODZb9uLzdJB5Da+uFwZh7Rt0XWSMMqjdjTElvM8YH4LUrDxfuHYUCKnl6L4UosOokrNpCrakGsSckRMT\/NIgKGVEbagp+RM7ndzpSGY=' \/>\n            <input type='hidden' class='gform_hidden' name='gform_unique_id' value='' \/>\n            <input type='hidden' class='gform_hidden' name='state_8' value='WyJ7XCI2XCI6W1wiOWM0Yjk0ZTBkMDFiMWE4NzdmYjhkNTAxZTBkNzViMjdcIixcImQ4NzE5YTMxNzAwMmRhNzc5OWM2MjUwZTM2MWYxNTQ2XCIsXCJhOTdjMWFiMGY3OWJjODlhZTA0YmMxZmJhYTNkOGY2NVwiXSxcIjcuMVwiOlwiYzEzZTQ4N2IwYzNjOTQ4MjQ3ODI0YWU3NGZkNWQxNGRcIn0iLCI1ZWZmNjU1MTc3ODAyYmJmMGNiNTU1YzI4MWY1MGVjZiJd' \/>\n            <input type='hidden' autocomplete='off' class='gform_hidden' name='gform_target_page_number_8' id='gform_target_page_number_8' value='0' \/>\n            <input type='hidden' autocomplete='off' class='gform_hidden' name='gform_source_page_number_8' id='gform_source_page_number_8' value='1' \/>\n            <input type='hidden' name='gform_field_values' value='' \/>\n            \n        <\/div>\n                        <\/form>\n                        <\/div>\n\t\t                <iframe style='display:none;width:0px;height:0px;' src='about:blank' name='gform_ajax_frame_8' id='gform_ajax_frame_8' title='Cette iframe contient la logique n\u00e9cessaire pour manipuler Gravity Forms avec Ajax.'><\/iframe>\n\t\t                <script>\ngform.initializeOnLoaded( function() {gformInitSpinner( 8, 'https:\/\/dev.open-mpn.biobank.mcgill.ca\/wp-content\/plugins\/gravityforms\/images\/spinner.svg', true );jQuery('#gform_ajax_frame_8').on('load',function(){var contents = jQuery(this).contents().find('*').html();var is_postback = contents.indexOf('GF_AJAX_POSTBACK') >= 0;if(!is_postback){return;}var form_content = jQuery(this).contents().find('#gform_wrapper_8');var is_confirmation = jQuery(this).contents().find('#gform_confirmation_wrapper_8').length > 0;var is_redirect = contents.indexOf('gformRedirect(){') >= 0;var is_form = form_content.length > 0 && ! is_redirect && ! is_confirmation;var mt = parseInt(jQuery('html').css('margin-top'), 10) + parseInt(jQuery('body').css('margin-top'), 10) + 100;if(is_form){jQuery('#gform_wrapper_8').html(form_content.html());if(form_content.hasClass('gform_validation_error')){jQuery('#gform_wrapper_8').addClass('gform_validation_error');} else {jQuery('#gform_wrapper_8').removeClass('gform_validation_error');}setTimeout( function() { \/* delay the scroll by 50 milliseconds to fix a bug in chrome *\/ jQuery(document).scrollTop(jQuery('#gform_wrapper_8').offset().top - mt); }, 50 );if(window['gformInitDatepicker']) {gformInitDatepicker();}if(window['gformInitPriceFields']) {gformInitPriceFields();}var current_page = jQuery('#gform_source_page_number_8').val();gformInitSpinner( 8, 'https:\/\/dev.open-mpn.biobank.mcgill.ca\/wp-content\/plugins\/gravityforms\/images\/spinner.svg', true );jQuery(document).trigger('gform_page_loaded', [8, current_page]);window['gf_submitting_8'] = false;}else if(!is_redirect){var confirmation_content = jQuery(this).contents().find('.GF_AJAX_POSTBACK').html();if(!confirmation_content){confirmation_content = contents;}jQuery('#gform_wrapper_8').replaceWith(confirmation_content);jQuery(document).scrollTop(jQuery('#gf_8').offset().top - mt);jQuery(document).trigger('gform_confirmation_loaded', [8]);window['gf_submitting_8'] = false;wp.a11y.speak(jQuery('#gform_confirmation_message_8').text());}else{jQuery('#gform_8').append(contents);if(window['gformRedirect']) {gformRedirect();}}jQuery(document).trigger(\"gform_pre_post_render\", [{ formId: \"8\", currentPage: \"current_page\", abort: function() { this.preventDefault(); } }]);        if (event && event.defaultPrevented) {                return;        }        const gformWrapperDiv = document.getElementById( \"gform_wrapper_8\" );        if ( gformWrapperDiv ) {            const visibilitySpan = document.createElement( \"span\" );            visibilitySpan.id = \"gform_visibility_test_8\";            gformWrapperDiv.insertAdjacentElement( \"afterend\", visibilitySpan );        }        const visibilityTestDiv = document.getElementById( \"gform_visibility_test_8\" );        let postRenderFired = false;        function triggerPostRender() {            if ( postRenderFired ) {                return;            }            postRenderFired = true;            gform.core.triggerPostRenderEvents( 8, current_page );            if ( visibilityTestDiv ) {                visibilityTestDiv.parentNode.removeChild( visibilityTestDiv );            }        }        function debounce( func, wait, immediate ) {            var timeout;            return function() {                var context = this, args = arguments;                var later = function() {                    timeout = null;                    if ( !immediate ) func.apply( context, args );                };                var callNow = immediate && !timeout;                clearTimeout( timeout );                timeout = setTimeout( later, wait );                if ( callNow ) func.apply( context, args );            };        }        const debouncedTriggerPostRender = debounce( function() {            triggerPostRender();        }, 200 );        if ( visibilityTestDiv && visibilityTestDiv.offsetParent === null ) {            const observer = new MutationObserver( ( mutations ) => {                mutations.forEach( ( mutation ) => {                    if ( mutation.type === 'attributes' && visibilityTestDiv.offsetParent !== null ) {                        debouncedTriggerPostRender();                        observer.disconnect();                    }                });            });            observer.observe( document.body, {                attributes: true,                childList: false,                subtree: true,                attributeFilter: [ 'style', 'class' ],            });        } else {            triggerPostRender();        }    } );} );\n<\/script>\n<\/div>\n<\/div>\n\n\n\n<div data-watch=\"true\" class=\"wp-block-zebre-gutenberg-group spacer-bottom\">\n<div class=\"wp-block-zebre-metablocks-metaverse-spacer has-dimensions\" style=\"--desktopHeight:150px;--tabletHeight:75px;--mobileHeight:60px\"><\/div>\n<\/div>\n<\/section>\n\n\n\t\t<div id=\"wpmapblock_72ab42ad\" data-settings='{&quot;map_marker&quot;:[{&quot;id&quot;:&quot;0&quot;,&quot;lat&quot;:&quot;45.509107912708835&quot;,&quot;lng&quot;:&quot;-73.58140189039769&quot;,&quot;title&quot;:&quot;Neurobanq&quot;,&quot;content&quot;:&quot;3801 University Street\\nMontreal QC H3A 2B4&quot;,&quot;iconType&quot;:&quot;custom&quot;,&quot;customIconUrl&quot;:&quot;https:\\\/\\\/open-mpn.biobank.mcgill.ca\\\/wp-content\\\/uploads\\\/2024\\\/09\\\/map_icon_01.svg&quot;,&quot;customIconWidth&quot;:&quot;40&quot;,&quot;customIconHeight&quot;:&quot;40&quot;}],&quot;map_zoom&quot;:&quot;16&quot;,&quot;scroll_wheel_zoom&quot;:false,&quot;map_type&quot;:&quot;GM&quot;,&quot;center_index&quot;:0}' class=\"wpmapblockrender\" style=\"\n\t\t\twidth: 100%;\n\t\t\theight: 790px;\n\t\t\"><\/div>\n        ","protected":false},"excerpt":{"rendered":"","protected":false},"author":2,"featured_media":0,"parent":0,"menu_order":0,"comment_status":"closed","ping_status":"closed","template":"","meta":{"_acf_changed":false,"_seopress_robots_primary_cat":"","_seopress_titles_title":"NEUROBANQUE Montr\u00e9al-Paris | Communiquez avec nous!","_seopress_titles_desc":"Vous \u00eates chercheur ou souhaitez devenir volontaire pour le projet NEUROBANQUE Montr\u00e9al-Paris? Contactez-nous!","_seopress_robots_index":"","footnotes":""},"class_list":["post-2936","page","type-page","status-publish","hentry"],"acf":[],"_links":{"self":[{"href":"https:\/\/dev.open-mpn.biobank.mcgill.ca\/fr\/wp-json\/wp\/v2\/pages\/2936","targetHints":{"allow":["GET"]}}],"collection":[{"href":"https:\/\/dev.open-mpn.biobank.mcgill.ca\/fr\/wp-json\/wp\/v2\/pages"}],"about":[{"href":"https:\/\/dev.open-mpn.biobank.mcgill.ca\/fr\/wp-json\/wp\/v2\/types\/page"}],"author":[{"embeddable":true,"href":"https:\/\/dev.open-mpn.biobank.mcgill.ca\/fr\/wp-json\/wp\/v2\/users\/2"}],"replies":[{"embeddable":true,"href":"https:\/\/dev.open-mpn.biobank.mcgill.ca\/fr\/wp-json\/wp\/v2\/comments?post=2936"}],"version-history":[{"count":7,"href":"https:\/\/dev.open-mpn.biobank.mcgill.ca\/fr\/wp-json\/wp\/v2\/pages\/2936\/revisions"}],"predecessor-version":[{"id":3766,"href":"https:\/\/dev.open-mpn.biobank.mcgill.ca\/fr\/wp-json\/wp\/v2\/pages\/2936\/revisions\/3766"}],"wp:attachment":[{"href":"https:\/\/dev.open-mpn.biobank.mcgill.ca\/fr\/wp-json\/wp\/v2\/media?parent=2936"}],"curies":[{"name":"wp","href":"https:\/\/api.w.org\/{rel}","templated":true}]}}